{"id":44,"date":"2020-07-24T18:43:39","date_gmt":"2020-07-24T16:43:39","guid":{"rendered":"https:\/\/www.example.dev.cc\/?page_id=44"},"modified":"2025-02-27T15:09:15","modified_gmt":"2025-02-27T14:09:15","slug":"o-nas","status":"publish","type":"page","link":"https:\/\/www.baumsk.sk\/","title":{"rendered":"O n\u00e1s"},"content":{"rendered":"\n<p><strong>Profil spolo\u010dnosti BauM SK<\/strong><\/p>\n\n\n\n<p>Spolo\u010dnos\u0165<strong>\u00a0BauM SK s.r.o.\u00a0<\/strong>vznikla v\u00a0roku 2011. Vzh\u013eadom na k\u00e1drov\u00e9, mana\u017e\u00e9rske a\u00a0profesijn\u00e9 vybavenie na\u0161ich zamestnancov, sme okam\u017eite zaujali na stavebnom trhu poz\u00edciu spolo\u010dnosti schopnej komplexne zabezpe\u010dova\u0165 dod\u00e1vku stavebn\u00fdch pr\u00e1c v\u00a0oblasti pozemn\u00e9ho stavite\u013estva. Ve\u013ek\u00e9 sk\u00fasenosti vedenia spolo\u010dnosti pri v\u00fdstavbe budov ob\u010dianskeho vybavenia, rekrea\u010dn\u00fdch, priemyseln\u00fdch,\u00a0obchodn\u00fdch objektov a\u00a0in\u017einierskych stavieb v\u00a0spojitosti s\u00a0profesijn\u00fdm zlo\u017een\u00edm kvalifikovan\u00fdch zamestnancov, poskytuje ve\u013ek\u00fd potenci\u00e1l na zabezpe\u010dovanie \u00faspe\u0161nej realiz\u00e1cie investi\u010dn\u00fdch z\u00e1merov pre na\u0161ich investorov.<\/p>\n\n\n\n<p>Spolo\u010dnos\u0165&nbsp;<strong>BauM SK s.r.o.<\/strong>&nbsp;vlastn\u00ed potrebn\u00e9 stavebn\u00e9 mechanizmy a&nbsp;zariadenia na realiz\u00e1ciu stavebn\u00fdch pr\u00e1c a&nbsp;disponuje \u0161irok\u00fdm portf\u00f3liom rokmi preveren\u00fdch subdod\u00e1vate\u013eov na zhotovenie pon\u00fakan\u00e9ho diela. Takouto formou dok\u00e1\u017eeme zabezpe\u010di\u0165 pre z\u00e1kazn\u00edka kompletn\u00fd servis vr\u00e1tane dodania projektovej dokument\u00e1cie a&nbsp;in\u017einierskej \u010dinnosti.<\/p>\n\n\n\n<p>Realiz\u00e1ciu diela pon\u00fakame na k\u013e\u00fa\u010d, \u010do znamen\u00e1, \u017ee v&nbsp;r\u00e1mci dod\u00e1vky stavebn\u00fdch pr\u00e1c realizujeme aj v\u0161etky stavebn\u00e9 profesie potrebn\u00e9 na zhotovenie diela. Z&nbsp;prilo\u017een\u00e9ho preh\u013eadu stavieb, realizovan\u00fdch v minulosti, chceme ich rozmanitos\u0165ou a&nbsp;rozsahom pouk\u00e1za\u0165 na to, \u017ee na\u0161a spolo\u010dnos\u0165 je schopn\u00e1 zrealizova\u0165 podobn\u00e9 stavebn\u00e9 diela v po\u017eadovanej kvalite a&nbsp;investorom po\u017eadovan\u00fdch term\u00ednoch.<\/p>\n\n\n<p><\/p>\n<p><strong><img src=\"https:\/\/www.baumsk.sk\/wp-content\/themes\/twentyten-child\/images\/fav.gif\" alt=\"\"> Na\u0161e slu\u017eby<\/strong><\/p>\n<p>&#8211; Realiz\u00e1cia stavieb na k\u013e\u00fa\u010d<br>&#8211; Projek\u010dn\u00e1 \u010dinnos\u0165<br>&#8211; Zemn\u00e9 pr\u00e1ce<br>&#8211; In\u017einiersk\u00e1 \u010dinnos\u0165<br>&#8211; Rozpo\u010dtov\u00e9 pr\u00e1ce<\/p>","protected":false},"excerpt":{"rendered":"<p>Profil spolo\u010dnosti BauM SK Spolo\u010dnos\u0165\u00a0BauM SK s.r.o.\u00a0vznikla v\u00a0roku 2011. Vzh\u013eadom na k\u00e1drov\u00e9, mana\u017e\u00e9rske a\u00a0profesijn\u00e9 vybavenie na\u0161ich zamestnancov, sme okam\u017eite zaujali na stavebnom trhu poz\u00edciu spolo\u010dnosti schopnej komplexne zabezpe\u010dova\u0165 dod\u00e1vku stavebn\u00fdch pr\u00e1c v\u00a0oblasti pozemn\u00e9ho stavite\u013estva. Ve\u013ek\u00e9 sk\u00fasenosti vedenia spolo\u010dnosti pri v\u00fdstavbe &hellip; <a href=\"https:\/\/www.baumsk.sk\/\">Continue reading <span class=\"meta-nav\">&rarr;<\/span><\/a><\/p>\n","protected":false},"author":1,"featured_media":0,"parent":0,"menu_order":0,"comment_status":"closed","ping_status":"closed","template":"","meta":[],"_links":{"self":[{"href":"https:\/\/www.baumsk.sk\/index.php?rest_route=\/wp\/v2\/pages\/44"}],"collection":[{"href":"https:\/\/www.baumsk.sk\/index.php?rest_route=\/wp\/v2\/pages"}],"about":[{"href":"https:\/\/www.baumsk.sk\/index.php?rest_route=\/wp\/v2\/types\/page"}],"author":[{"embeddable":true,"href":"https:\/\/www.baumsk.sk\/index.php?rest_route=\/wp\/v2\/users\/1"}],"replies":[{"embeddable":true,"href":"https:\/\/www.baumsk.sk\/index.php?rest_route=%2Fwp%2Fv2%2Fcomments&post=44"}],"version-history":[{"count":2,"href":"https:\/\/www.baumsk.sk\/index.php?rest_route=\/wp\/v2\/pages\/44\/revisions"}],"predecessor-version":[{"id":166,"href":"https:\/\/www.baumsk.sk\/index.php?rest_route=\/wp\/v2\/pages\/44\/revisions\/166"}],"wp:attachment":[{"href":"https:\/\/www.baumsk.sk\/index.php?rest_route=%2Fwp%2Fv2%2Fmedia&parent=44"}],"curies":[{"name":"wp","href":"https:\/\/api.w.org\/{rel}","templated":true}]}}