{"id":35,"date":"2020-07-19T20:36:53","date_gmt":"2020-07-19T18:36:53","guid":{"rendered":"https:\/\/www.example.dev.cc\/?page_id=35"},"modified":"2022-11-29T09:42:17","modified_gmt":"2022-11-29T08:42:17","slug":"kontakt","status":"publish","type":"page","link":"https:\/\/www.baumsk.sk\/?page_id=35","title":{"rendered":"Kontakt"},"content":{"rendered":"<table width=\"100%\">\n<tbody>\n<tr>\n<td width=\"33%\"><img src=\"https:\/\/www.baumsk.sk\/wp-content\/themes\/twentyten-child\/images\/fav.gif\" alt=\"\" \/>\u00a0\u00a0<strong>Prev\u00e1dzka<\/strong><\/p>\n<p>BauM SK s.r.o.<br \/>\nDlh\u00e1 88<br \/>\n010 09 \u00a0\u017dilina &#8211; Byt\u010dica<\/td>\n<td width=\"33%\"><img src=\"https:\/\/www.baumsk.sk\/wp-content\/themes\/twentyten-child\/images\/fav.gif\" alt=\"\" \/>\u00a0\u00a0<strong>Vedenie firmy<\/strong><\/p>\n<p>e-mail: \u00a0<a href=\"mailto:jaroslav.marek@baumsk.sk\">jaroslav.marek@baumsk.sk<\/a><br \/>\ntel: 0903 545 459<\/td>\n<td rowspan=\"3\" width=\"33%\">\n<p style=\"text-align: center;\"><a href=\"http:\/\/maps.google.sk\/maps?q=Dlh%C3%A1+651%2F88,+01009+%C5%BDilina-Byt%C4%8Dica&amp;hl=sk&amp;ie=UTF8&amp;ll=49.191338,18.73744&amp;spn=0.011752,0.031693&amp;sll=49.381421,18.645254&amp;sspn=0.011245,0.031693&amp;vpsrc=6&amp;geocode=FR2a7gIdJdcdAQ&amp;hnear=Dlh%C3%A1+651%2F88,+01009+%C5%BDilina-Byt%C4%8Dica&amp;t=m&amp;z=16\" target=\"_blank\" rel=\"noopener noreferrer\">Zobrazi\u0165 mapu na Google Maps<\/a><\/p>\n<p style=\"text-align: center;\"><iframe loading=\"lazy\" style=\"border: 0;\" tabindex=\"0\" src=\"https:\/\/www.google.com\/maps\/embed?pb=!1m14!1m8!1m3!1d20859.811421072238!2d18.734264!3d49.191521!3m2!1i1024!2i768!4f13.1!3m3!1m2!1s0x47145ed36c734557%3A0xcb5b54d351abefe3!2zRGxow6EgNjUxLzg4LCAwMTAgMDkgxb1pbGluYQ!5e0!3m2!1ssk!2ssk!4v1595958557162!5m2!1ssk!2ssk\" width=\"300\" height=\"300\" frameborder=\"0\" allowfullscreen=\"allowfullscreen\" aria-hidden=\"false\"><\/iframe><\/p>\n<p style=\"text-align: center;\"><small><a href=\"http:\/\/maps.google.sk\/maps?f=q&amp;source=embed&amp;hl=sk&amp;q=Dlh%C3%A1+651%2F88,+01009+%C5%BDilina-Byt%C4%8Dica&amp;aq=&amp;sll=49.381421,18.645254&amp;sspn=0.011245,0.031693&amp;vpsrc=0&amp;ie=UTF8&amp;geocode=FR2a7gIdJdcdAQ&amp;split=0&amp;hq=&amp;hnear=Dlh%C3%A1+651%2F88,+01009+%C5%BDilina-Byt%C4%8Dica&amp;t=m&amp;ll=49.191521,18.734264&amp;spn=0.016828,0.025749&amp;z=14&amp;iwloc=A\" target=\"_blank\" rel=\"noopener noreferrer\">Zv\u00e4\u010d\u0161i\u0165 mapu<\/a><\/small><\/p>\n<\/td>\n<\/tr>\n<tr>\n<td rowspan=\"2\"><img src=\"https:\/\/www.baumsk.sk\/wp-content\/themes\/twentyten-child\/images\/fav.gif\" alt=\"\" \/>\u00a0\u00a0<strong>Faktura\u010dn\u00e9 \u00fadaje<\/strong><\/p>\n<p>BauM SK s.r.o.<br \/>\nVavrinca Ottmayera 5\/517<br \/>\n010 04 \u00a0\u017dilina &#8211; Z\u00e1vodie<\/p>\n<p>I\u010cO: 45 940 258<br \/>\nI\u010c DPH: SK2023157191<\/td>\n<td><img src=\"https:\/\/www.baumsk.sk\/wp-content\/themes\/twentyten-child\/images\/fav.gif\" alt=\"\" \/>\u00a0\u00a0<strong>Ekonomick\u00e9 oddelenie<\/strong><\/p>\n<p>e-mail:\u00a0<a href=\"mailto:marekova@baumsk.sk\">marekova@baumsk.sk<\/a><br \/>\ntel: 0917 943 347<\/td>\n<\/tr>\n<\/tbody>\n<\/table>\n","protected":false},"excerpt":{"rendered":"<p>\u00a0\u00a0Prev\u00e1dzka BauM SK s.r.o. Dlh\u00e1 88 010 09 \u00a0\u017dilina &#8211; Byt\u010dica \u00a0\u00a0Vedenie firmy e-mail: \u00a0jaroslav.marek@baumsk.sk tel: 0903 545 459 Zobrazi\u0165 mapu na Google Maps Zv\u00e4\u010d\u0161i\u0165 mapu \u00a0\u00a0Faktura\u010dn\u00e9 \u00fadaje BauM SK s.r.o. Vavrinca Ottmayera 5\/517 010 04 \u00a0\u017dilina &#8211; Z\u00e1vodie I\u010cO: &hellip; <a href=\"https:\/\/www.baumsk.sk\/?page_id=35\">Continue reading <span class=\"meta-nav\">&rarr;<\/span><\/a><\/p>\n","protected":false},"author":1,"featured_media":0,"parent":0,"menu_order":0,"comment_status":"closed","ping_status":"closed","template":"","meta":[],"_links":{"self":[{"href":"https:\/\/www.baumsk.sk\/index.php?rest_route=\/wp\/v2\/pages\/35"}],"collection":[{"href":"https:\/\/www.baumsk.sk\/index.php?rest_route=\/wp\/v2\/pages"}],"about":[{"href":"https:\/\/www.baumsk.sk\/index.php?rest_route=\/wp\/v2\/types\/page"}],"author":[{"embeddable":true,"href":"https:\/\/www.baumsk.sk\/index.php?rest_route=\/wp\/v2\/users\/1"}],"replies":[{"embeddable":true,"href":"https:\/\/www.baumsk.sk\/index.php?rest_route=%2Fwp%2Fv2%2Fcomments&post=35"}],"version-history":[{"count":3,"href":"https:\/\/www.baumsk.sk\/index.php?rest_route=\/wp\/v2\/pages\/35\/revisions"}],"predecessor-version":[{"id":161,"href":"https:\/\/www.baumsk.sk\/index.php?rest_route=\/wp\/v2\/pages\/35\/revisions\/161"}],"wp:attachment":[{"href":"https:\/\/www.baumsk.sk\/index.php?rest_route=%2Fwp%2Fv2%2Fmedia&parent=35"}],"curies":[{"name":"wp","href":"https:\/\/api.w.org\/{rel}","templated":true}]}}