{"id":13,"date":"2020-07-19T15:09:13","date_gmt":"2020-07-19T13:09:13","guid":{"rendered":"https:\/\/www.example.dev.cc\/?page_id=13"},"modified":"2025-07-14T16:07:02","modified_gmt":"2025-07-14T14:07:02","slug":"referencie","status":"publish","type":"page","link":"https:\/\/www.baumsk.sk\/?page_id=13","title":{"rendered":"Referencie"},"content":{"rendered":"<p><strong>2025<\/strong><\/p>\n<p>Rekon\u0161trukcia RD Trnov\u00e9<br \/>V\u00fdstavba RD Gbe\u013eany &#8211; III. etapa<\/p>\n<p><strong>2024<\/strong><\/p>\n<p>V\u00fdstavba RD Sne\u017enica &#8211; II. etapa<br \/>V\u00fdstavba RD Gbe\u013eany &#8211; II. etapa<\/p>\n<p><strong>2023<\/strong><\/p>\n<p>Rekon\u0161trukcia RD Z\u00e1vodie<br \/>Rekon\u0161trukcia RD Mar\u010dek<br \/>V\u00fdstavba RD Gbe\u013eany &#8211; I. etapa<br \/>V\u00fdstavba RD Sne\u017enica &#8211; I. etapa<br \/>V\u00fdstavba skladu pneumat\u00edk &#8211; Galimex<\/p>\n<p><strong>2022<\/strong><\/p>\n<p>V\u00fdstavba RD Bitarov\u00e1 &#8211; II. etapa<br \/>Rekon\u0161trukcia polyfunk\u010dn\u00e9ho objektu &#8211; Byt\u010da<br \/>Spevnen\u00e9 plochy a parkovisk\u00e1 &#8211; Martin<br \/>V\u00fdstavba RD Babkov &#8211; I. etapa<br \/>Wellness centrum &#8211; Tepli\u010dka nad V\u00e1hom<br \/>Rekon\u0161trukcia bytu &#8211; Solinky<br \/>Rekon\u0161trukcia bytu &#8211; H\u00e1jik<\/p>\n<p><strong>2021<\/strong><\/p>\n<p>V\u00fdstavba spla\u0161kovej kanaliz\u00e1cie s pre\u010derp\u00e1vac\u00edmi stanicami<br \/>V\u00fdstavba RD Bitarov\u00e1 &#8211; I. etapa<br \/>V\u00fdstavba RD H\u00f4rky &#8211; II. etapa<br \/>Rekon\u0161trukcia servisu VW<\/p>\n<p><strong>2020<\/strong><\/p>\n<p>V\u00fdstavba servisu Galimex &#8211; \u017dilina<br \/>V\u00fdstavba RD H\u00f4rky &#8211; I. etapa<\/p>\n<p><strong>2019<\/strong><\/p>\n<p>V\u00fdstavba parkovacieho domu spolo\u010dnosti Galimex &#8211; \u017dilina, II. etapa<br \/>Rekon\u0161trukcia RD &#8211; Rosina<br \/>Zateplenie fas\u00e1dy rodinn\u00e9ho domu &#8211; Rosina<br \/>V\u00fdstavba samoobslu\u017enej autoumyv\u00e1rne &#8211; Martin<br \/>V\u00fdstavba spevnen\u00fdch pl\u00f4ch &#8211; Martin<br \/>V\u00fdstavba RD Rosina &#8211; II. etapa<\/p>\n<p><strong>2018<\/strong><\/p>\n<p>V\u00fdstavba RD B\u00f4rik &#8211; II. etapa<br \/>V\u00fdstavba RD Kras\u0148any &#8211; II.etapa<br \/>V\u00fdstavba RD Moj\u0161<br \/>V\u00fdstavba RD Rosina &#8211; I. etapa<br \/>Rekon\u0161trukcia nebytov\u00fdch priestorov &#8211; \u017dilina<br \/>V\u00fdstavba parkovacieho domu spolo\u010dnosti Galimex &#8211; \u017dilina<\/p>\n<p><strong>2017<\/strong><\/p>\n<p>V\u00fdstavba RD Rajec<br \/>V\u00fdstavba RD Jasenov\u00e9<br \/>V\u00fdstavba RD B\u00f4rik &#8211; I. etapa<br \/>V\u00fdstavba RD Kras\u0148any &#8211; I. etapa<br \/>Realiz\u00e1cia skladov\u00fdch priestorov a spevnen\u00fdch pl\u00f4ch pre spolo\u010dnos\u0165 BEKWOODCOTE \u017dilina<\/p>\n<p><strong>2016<\/strong><\/p>\n<p>Stavebn\u00e9 \u00fapravy &#8211; RD Mar\u010dek<br \/>Stavebn\u00e9 \u00fapravy servisu spolo\u010dnosti Galimex &#8211; II. Etapa<br \/>Asan\u00e1cia predajne \u0160KODA a v\u00fdstavba parkov\u00edsk &#8211; Martin<br \/>V\u00fdstavba administrat\u00edvnej budovy &#8211; Hviezdoslavova ul. \u017dilina<br \/>V\u00fdstavba rodinn\u00e9ho domu &#8211; Rajec<br \/>Rekon\u0161trukcia STK &#8211; Martin<br \/>V\u00fdstavba rodinn\u00e9ho domu &#8211; Tepli\u010dka nad V\u00e1hom<\/p>\n<p><strong>2015<\/strong><\/p>\n<p>\u00daprava fas\u00e1d a stavebn\u00e9 \u00fapravy &#8211; KINEX Byt\u010da 2015<br \/>V\u00fdstavba rodinn\u00e9ho domu &#8211; \u017dilina Brodno<br \/>Rekon\u0161trukcia rodinn\u00e9ho domu &#8211; \u010cadca<br \/>Stavebn\u00e9 \u00fapravy STK v Martine<br \/>Stavebn\u00e9 \u00fapravy servisu spolo\u010dnosti Galimex Martin<br \/>V\u00fdstavba autosal\u00f3nu \u0160KODA v Martine<\/p>\n<p><strong>2014<\/strong><\/p>\n<p>Stavebn\u00e9 \u00fapravy domu &#8211; Sad SNP v \u017diline<br \/>Stavebn\u00e9 \u00fapravy rodinn\u00e9ho domu &#8211; Tepli\u010dka nad V\u00e1hom<br \/>Rekon\u0161trukcia objektu kontroly valcov &#8211; KINEX KLF Kysuck\u00e9 Nov\u00e9 Mesto<br \/>V\u00fdstavba vstavku \u010d.2 pre spolo\u010dnos\u0165 D.R.B. Slovakia &#8211; Pova\u017esk\u00e1 Bystrica<br \/>Prestavba autosal\u00f3nu \u0160KODA v \u017diline<br \/>V\u00fdstavba rodinn\u00e9ho domu &#8211; \u017dilina Brodno<br \/>V\u00fdstavba oplotenia are\u00e1lu spolo\u010dnosti GALIMEX &#8211; Martin<br \/>\u00daprava obchodn\u00fdch priestorov spolo\u010dnosti GAUCO LIMITED v Martine<br \/>Bytov\u00fd dom Fr\u00fddek &#8211; M\u00edstek<br \/>Revitalz\u00e1cia are\u00e1lu KINEX Byt\u010da<\/p>\n<p><strong>2013<\/strong><\/p>\n<p>RD novostavba Vi\u0161\u0148ov\u00e9<br \/>Bytov\u00fd dom Fr\u00fddek-M\u00edstek<br \/>Rodinn\u00fd dom vo Vi\u0161\u0148ovom<br \/>Penzi\u00f3n v Martine &#8211; Podh\u00e1ji &#8211; II.Etapa<br \/>Autosal\u00f3n VW v Martine<br \/>Rekrea\u010dn\u00e1 chata Martinsk\u00e9 hole<\/p>\n<p><strong>2012<\/strong><\/p>\n<p>Rekrea\u010dn\u00e1 chata Martinsk\u00e9 hole<br \/>Penzi\u00f3n v Martine-Podh\u00e1ji<br \/>Rodinn\u00fd dom vo Vi\u0161\u0148ovom &#8211; I. Etapa<br \/>Prestavba autosal\u00f3nu VW v \u017diline spolo\u010dnosti Galimex s.r.o.<br \/>Rekon\u0161trukcia v\u00fdrobnej haly TBH TECHNIK v \u017diline &#8211; II. Etapa<\/p>\n<p><strong>2011<\/strong><\/p>\n<p>Prestavba pionierskeho t\u00e1bora na penzi\u00f3n vo Vr\u00edcku<br \/>Lek\u00e1re\u0148 Ko\u0161\u0165any \u2013 spevnen\u00e9 plochy<br \/>Stanica kontroly originality vozidiel v\u00a0Martine<br \/>Budova odovzd\u00e1vania nov\u00fdch vozidiel VW a \u0160KODA pre spolo\u010dnos\u0165 GALIMEX s.r.o. v Martine<br \/>Rekon\u0161trukcia STK v Martine<br \/>Rekon\u0161trukcia v\u00fdrobnej haly TBH TECHNIK v \u017diline &#8211; I.Etapa<br \/>Stavebn\u00e9 \u00fapravy priestorov pre centr\u00e1lny pr\u00edjem vozidiel v Martine<\/p>\n<p><strong>Pracovn\u00edci spolo\u010dnosti\u00a0BauM SK s.r.o.\u00a0sa priamo podie\u013eali na riaden\u00ed a v\u00fdstavbe t\u00fdchto projektov<\/strong><\/p>\n<p><strong>2009 \u2013 2010<\/strong><\/p>\n<p>V\u00fdstavba RD v\u00a0\u017diline &#8211; Budat\u00edn<br \/>Rekon\u0161trukcia predajne na TESCO Expres v\u00a0\u017diline<br \/>Rekon\u0161trukcia a\u00a0v\u00fdstavba lek\u00e1rne v\u00a0Ko\u0161\u0165anoch nad Tucom<br \/>V\u00fdstavba showroom Audi v\u00a0\u017diline spolo\u010dnosti GALIMEX s.r.o.<\/p>\n<p><strong>2007 \u2013 2009<\/strong><\/p>\n<p>Prestavba ubytovne na \u201eHotel Empire\u201c vo Fr\u00fddku &#8211; M\u00edstku<br \/>V\u00fdrobn\u00e1 hala SEJONG v\u00a0Karvinej<br \/>V\u00fdrobn\u00e1 hala Sungwoo Ostrava \u2013 dokon\u010denie stavby a\u00a0kompletn\u00e1 in\u017einierska \u010dinnos\u0165<\/p>\n<p><strong>2006<\/strong><\/p>\n<p>V\u00fdrobn\u00e1 hala Sungwoo \u017dilina rekon\u0161trukcia<br \/>V\u00fdrobn\u00e1 hala Sungwoo \u017dilina novostavba<\/p>\n<p><strong>2004 &#8211; 2005<\/strong><\/p>\n<p>Predaj\u0148a automobilov AUDI v\u00a0\u017diline<br \/>Parkovacie plochy Galimex v\u00a0\u017diline<br \/>Rekon\u0161trukcia v\u00fdrobnej haly Laktis v\u00a0\u017diline<br \/>V\u00fdstavba obch. priestorov CISS \u017dilina<\/p>\n<p><strong>2003<\/strong><\/p>\n<p>V\u00fdstavba Obchodnej akad\u00e9mie \u010cadca II. etapa<br \/>SPP- Rozvoj are\u00e1lu v\u00a0\u017diline<\/p>\n<p><strong>2000 \u2013 2002<\/strong><\/p>\n<p>V\u00fdstavba in\u017einierskych siet\u00ed a\u00a0rodinn\u00fdch s\u00eddiel\u2013 Konsk\u00e1<br \/>V\u00fdstavba Obchodnej akad\u00e9mie \u010cadca \u2013 I. etapa<br \/>V\u00fdstavba predajne automobilov \u0160KODA v\u00a0\u017diline<br \/>Rekon\u0161trukcia AB TBH Technik v\u00a0\u017diline<br \/>Rekon\u0161trukcia rodinn\u00e9ho domu v\u00a0Rosine<br \/>Rekon\u0161trukcia zimn\u00e9ho \u0161tadi\u00f3na v\u00a0\u017diline<\/p>\n<p><strong>1998 \u2013 1999<\/strong><\/p>\n<p>V\u00fdstavba rodinn\u00fdch s\u00eddiel v\u00a0\u017diline \u2013 Z\u00e1vod\u00ed<br \/>16-tr. Z\u00e1kladn\u00e1 \u0161kola \u010cadca \u2013 stred, III. etapa<\/p>\n<p><strong>1997<\/strong><\/p>\n<p>Rekon\u0161trukcia a\u00a0dobudovanie \u0160porthotela v\u00a0Rudine spolu so \u0161portovo rehabilita\u010dn\u00fdm komplexom<br \/>V\u00fdstavba rodinn\u00e9ho domu v\u00a0\u017diline \u2013 B\u00e1novej<br \/>Rekon\u0161trukcia obch. priestorov AZ M\u00f3da v\u00a0\u017diline<\/p>\n<p><strong>1996<\/strong><\/p>\n<p>Rekon\u0161trukcia strechy Alcatel SEL TLH Liptovsk\u00fd Hr\u00e1dok<br \/>Rekon\u0161trukcia soc. prev. budovy K+K v \u017diline<\/p>\n<p><strong>1994 \u2013 1995<\/strong><\/p>\n<p>V\u00fdstavba polyfunk\u010dn\u00e9ho objektu \u2013 Bottova ul. \u017dilina<\/p>\n<p><strong>1992 \u2013 1993<\/strong><\/p>\n<p>Rekon\u0161trukcia hotela Grand \u017dilina<br \/>16-tr. Z\u00e1kladn\u00e1 \u0161kola \u010cadca \u2013 stred \u2013 novostavba ( II. etapa)<\/p>\n\n\n<p><\/p>\n","protected":false},"excerpt":{"rendered":"<p>2025 Rekon\u0161trukcia RD Trnov\u00e9V\u00fdstavba RD Gbe\u013eany &#8211; III. etapa 2024 V\u00fdstavba RD Sne\u017enica &#8211; II. etapaV\u00fdstavba RD Gbe\u013eany &#8211; II. etapa 2023 Rekon\u0161trukcia RD Z\u00e1vodieRekon\u0161trukcia RD Mar\u010dekV\u00fdstavba RD Gbe\u013eany &#8211; I. etapaV\u00fdstavba RD Sne\u017enica &#8211; I. etapaV\u00fdstavba skladu pneumat\u00edk &#8211; &hellip; <a href=\"https:\/\/www.baumsk.sk\/?page_id=13\">Continue reading <span class=\"meta-nav\">&rarr;<\/span><\/a><\/p>\n","protected":false},"author":1,"featured_media":0,"parent":0,"menu_order":0,"comment_status":"closed","ping_status":"closed","template":"","meta":[],"_links":{"self":[{"href":"https:\/\/www.baumsk.sk\/index.php?rest_route=\/wp\/v2\/pages\/13"}],"collection":[{"href":"https:\/\/www.baumsk.sk\/index.php?rest_route=\/wp\/v2\/pages"}],"about":[{"href":"https:\/\/www.baumsk.sk\/index.php?rest_route=\/wp\/v2\/types\/page"}],"author":[{"embeddable":true,"href":"https:\/\/www.baumsk.sk\/index.php?rest_route=\/wp\/v2\/users\/1"}],"replies":[{"embeddable":true,"href":"https:\/\/www.baumsk.sk\/index.php?rest_route=%2Fwp%2Fv2%2Fcomments&post=13"}],"version-history":[{"count":6,"href":"https:\/\/www.baumsk.sk\/index.php?rest_route=\/wp\/v2\/pages\/13\/revisions"}],"predecessor-version":[{"id":183,"href":"https:\/\/www.baumsk.sk\/index.php?rest_route=\/wp\/v2\/pages\/13\/revisions\/183"}],"wp:attachment":[{"href":"https:\/\/www.baumsk.sk\/index.php?rest_route=%2Fwp%2Fv2%2Fmedia&parent=13"}],"curies":[{"name":"wp","href":"https:\/\/api.w.org\/{rel}","templated":true}]}}